{"id":253,"date":"2015-12-18T14:24:03","date_gmt":"2015-12-18T14:24:03","guid":{"rendered":"http:\/\/auneau-info.fr\/?page_id=253"},"modified":"2017-03-22T08:49:11","modified_gmt":"2017-03-22T08:49:11","slug":"humeur-du-jour-2","status":"publish","type":"page","link":"https:\/\/bonjour-beziers.fr\/?page_id=253","title":{"rendered":"Humeur"},"content":{"rendered":"<div id=\"dslc-theme-content\"><div id=\"dslc-theme-content-inner\"><div id=\"dslc-content\" class=\"dslc-content dslc-clearfix\">\n<div id=\"dslc-main\">\n<div  class=\"dslc-modules-section  dslc-full \" style=\"padding-bottom:0px;padding-top:0px;\" data-section-id=\"76962ca810d\">\n<div class=\"dslc-modules-section-wrapper dslc-clearfix\">\n<div class=\"dslc-modules-area dslc-col dslc-12-col dslc-last-col\" data-size=\"12\" data-valign=\"\">\n<div id=\"dslc-module-4e3d69a7c71\" class=\"dslc-module-front dslc-module-DSLC_Blog dslc-in-viewport-check dslc-in-viewport-anim-none  dslc-col dslc-12-col dslc-last-col  dslc-module-handle-like-regular \" data-module-id=\"4e3d69a7c71\" data-module=\"DSLC_Blog\" data-dslc-module-size=\"12\" data-dslc-anim=\"none\" data-dslc-anim-delay=\"0\" data-dslc-anim-duration=\"650\"  data-dslc-anim-easing=\"ease\" data-dslc-preset=\"none\" >\n<div class=\"dslc-posts dslc-blog-posts dslc-clearfix dslc-blog-posts-type- dslc-posts-orientation- \">\r\n\t\t\t\r\n\t\t\t\r\n\t\t<div class=\"dslc-posts-inner\">\r\n\t<div class=\"dslc-post dslc-blog-post dslc-col dslc--col  dslc-first-col dslc-post-format-standard\" data-cats=\"histoire \">\r\n\r\n\t\r\n\t\t\t\t\t\t\t\t\r\n\t\t\t\t\t\t\t\t\t<div class=\"dslc-blog-post-thumb dslc-post-thumb dslc-on-hover-anim\">\r\n\r\n\t\t\t\t\t\t\t\t\t\t\r\n\t\t\t\t\t\t\t\t\t\t\t<div class=\"dslc-blog-post-thumb-inner dslca-post-thumb\">\r\n\t\t\t\t\t\t\t\t\t\t\t\t\r\n\t\t\t\t\t\t\t\t\t\t\t\t\t\t\t\t\t\t\t\t\t\t\t\t\t<a href=\"https:\/\/bonjour-beziers.fr\/?p=1041\" class=\"\"><img loading=\"lazy\" decoding=\"async\" width=\"550\" height=\"750\" src=\"https:\/\/i0.wp.com\/bonjour-beziers.fr\/wp-content\/uploads\/2016\/09\/batmclo.png?fit=550%2C750&amp;ssl=1\" class=\"attachment-full size-full wp-post-image\" alt=\"\" title=\"batmclo\" srcset=\"https:\/\/i0.wp.com\/bonjour-beziers.fr\/wp-content\/uploads\/2016\/09\/batmclo.png?w=550&amp;ssl=1 550w, https:\/\/i0.wp.com\/bonjour-beziers.fr\/wp-content\/uploads\/2016\/09\/batmclo.png?resize=220%2C300&amp;ssl=1 220w\" sizes=\"auto, (max-width: 550px) 100vw, 550px\" data-attachment-id=\"1045\" data-permalink=\"https:\/\/bonjour-beziers.fr\/?attachment_id=1045\" data-orig-file=\"https:\/\/i0.wp.com\/bonjour-beziers.fr\/wp-content\/uploads\/2016\/09\/batmclo.png?fit=550%2C750&amp;ssl=1\" data-orig-size=\"550,750\" data-comments-opened=\"0\" data-image-meta=\"{&quot;aperture&quot;:&quot;0&quot;,&quot;credit&quot;:&quot;&quot;,&quot;camera&quot;:&quot;&quot;,&quot;caption&quot;:&quot;&quot;,&quot;created_timestamp&quot;:&quot;0&quot;,&quot;copyright&quot;:&quot;&quot;,&quot;focal_length&quot;:&quot;0&quot;,&quot;iso&quot;:&quot;0&quot;,&quot;shutter_speed&quot;:&quot;0&quot;,&quot;title&quot;:&quot;&quot;,&quot;orientation&quot;:&quot;0&quot;}\" data-image-title=\"batmclo\" data-image-description=\"\" data-image-caption=\"\" data-medium-file=\"https:\/\/i0.wp.com\/bonjour-beziers.fr\/wp-content\/uploads\/2016\/09\/batmclo.png?fit=220%2C300&amp;ssl=1\" data-large-file=\"https:\/\/i0.wp.com\/bonjour-beziers.fr\/wp-content\/uploads\/2016\/09\/batmclo.png?fit=550%2C750&amp;ssl=1\" \/><\/a>\r\n\t\t\t\t\t\t\t\t\t\t\t\t\t\t\t\t\t\t\t\t\t\t\t<\/div><!-- .dslc-blog-post-thumb-inner -->\r\n\r\n\t\t\t\t\t\t\t\t\t\t\r\n\t\t\t\t\t\t\t\t\t\t\r\n\t\t\t\t\t\t\t\t\t<\/div><!-- .dslc-blog-post-thumb -->\r\n\r\n\t\t\t\t\t\t\t\t\r\n\t\t\t\t\t\t\t\r\n\t\t\t\t\t\t\t\r\n\t\t\t\t\t\t<\/div><!-- .dslc-blog-post -->\r\n\r\n\t\t\t\t\t\t\r\n\t\t\t\t\t\t\r\n\t<div class=\"dslc-post dslc-blog-post dslc-col dslc--col  dslc-first-col dslc-post-format-standard\" data-cats=\"siences-et-techniques \">\r\n\r\n\t\r\n\t\t\t\t\t\t\t\t\r\n\t\t\t\t\t\t\t\t\t<div class=\"dslc-blog-post-thumb dslc-post-thumb dslc-on-hover-anim\">\r\n\r\n\t\t\t\t\t\t\t\t\t\t\r\n\t\t\t\t\t\t\t\t\t\t\t<div class=\"dslc-blog-post-thumb-inner dslca-post-thumb\">\r\n\t\t\t\t\t\t\t\t\t\t\t\t\r\n\t\t\t\t\t\t\t\t\t\t\t\t\t\t\t\t\t\t\t\t\t\t\t\t\t<a href=\"https:\/\/bonjour-beziers.fr\/?p=945\" class=\"\"><img loading=\"lazy\" decoding=\"async\" width=\"200\" height=\"132\" src=\"https:\/\/i0.wp.com\/bonjour-beziers.fr\/wp-content\/uploads\/2016\/08\/bee-e1471616076562.jpg?fit=200%2C132&amp;ssl=1\" class=\"attachment-full size-full wp-post-image\" alt=\"\" title=\"bee\" data-attachment-id=\"947\" data-permalink=\"https:\/\/bonjour-beziers.fr\/?attachment_id=947\" data-orig-file=\"https:\/\/i0.wp.com\/bonjour-beziers.fr\/wp-content\/uploads\/2016\/08\/bee-e1471616076562.jpg?fit=200%2C132&amp;ssl=1\" data-orig-size=\"200,132\" data-comments-opened=\"0\" data-image-meta=\"{&quot;aperture&quot;:&quot;0&quot;,&quot;credit&quot;:&quot;&quot;,&quot;camera&quot;:&quot;&quot;,&quot;caption&quot;:&quot;&quot;,&quot;created_timestamp&quot;:&quot;0&quot;,&quot;copyright&quot;:&quot;&quot;,&quot;focal_length&quot;:&quot;0&quot;,&quot;iso&quot;:&quot;0&quot;,&quot;shutter_speed&quot;:&quot;0&quot;,&quot;title&quot;:&quot;&quot;,&quot;orientation&quot;:&quot;0&quot;}\" data-image-title=\"bee\" data-image-description=\"\" data-image-caption=\"\" data-medium-file=\"https:\/\/i0.wp.com\/bonjour-beziers.fr\/wp-content\/uploads\/2016\/08\/bee-e1471616076562.jpg?fit=300%2C198&amp;ssl=1\" data-large-file=\"https:\/\/i0.wp.com\/bonjour-beziers.fr\/wp-content\/uploads\/2016\/08\/bee-e1471616076562.jpg?fit=200%2C132&amp;ssl=1\" \/><\/a>\r\n\t\t\t\t\t\t\t\t\t\t\t\t\t\t\t\t\t\t\t\t\t\t\t<\/div><!-- .dslc-blog-post-thumb-inner -->\r\n\r\n\t\t\t\t\t\t\t\t\t\t\r\n\t\t\t\t\t\t\t\t\t\t\r\n\t\t\t\t\t\t\t\t\t<\/div><!-- .dslc-blog-post-thumb -->\r\n\r\n\t\t\t\t\t\t\t\t\r\n\t\t\t\t\t\t\t\r\n\t\t\t\t\t\t\t\r\n\t\t\t\t\t\t<\/div><!-- .dslc-blog-post -->\r\n\r\n\t\t\t\t\t\t\r\n\t\t\t\t\t\t\r\n\t<div class=\"dslc-post dslc-blog-post dslc-col dslc--col  dslc-first-col dslc-post-format-standard\" data-cats=\"actnat \">\r\n\r\n\t\r\n\t\t\t\t\t\t\t\t\r\n\t\t\t\t\t\t\t\t\t<div class=\"dslc-blog-post-thumb dslc-post-thumb dslc-on-hover-anim\">\r\n\r\n\t\t\t\t\t\t\t\t\t\t\r\n\t\t\t\t\t\t\t\t\t\t\t<div class=\"dslc-blog-post-thumb-inner dslca-post-thumb\">\r\n\t\t\t\t\t\t\t\t\t\t\t\t\r\n\t\t\t\t\t\t\t\t\t\t\t\t\t\t\t\t\t\t\t\t\t\t\t\t\t<a href=\"https:\/\/bonjour-beziers.fr\/?p=870\" class=\"\"><img loading=\"lazy\" decoding=\"async\" width=\"257\" height=\"196\" src=\"https:\/\/i0.wp.com\/bonjour-beziers.fr\/wp-content\/uploads\/2016\/08\/islmturc.png?fit=257%2C196&amp;ssl=1\" class=\"attachment-full size-full wp-post-image\" alt=\"\" title=\"islmturc\" data-attachment-id=\"1185\" data-permalink=\"https:\/\/bonjour-beziers.fr\/?attachment_id=1185\" data-orig-file=\"https:\/\/i0.wp.com\/bonjour-beziers.fr\/wp-content\/uploads\/2016\/08\/islmturc.png?fit=257%2C196&amp;ssl=1\" data-orig-size=\"257,196\" data-comments-opened=\"0\" data-image-meta=\"{&quot;aperture&quot;:&quot;0&quot;,&quot;credit&quot;:&quot;&quot;,&quot;camera&quot;:&quot;&quot;,&quot;caption&quot;:&quot;&quot;,&quot;created_timestamp&quot;:&quot;0&quot;,&quot;copyright&quot;:&quot;&quot;,&quot;focal_length&quot;:&quot;0&quot;,&quot;iso&quot;:&quot;0&quot;,&quot;shutter_speed&quot;:&quot;0&quot;,&quot;title&quot;:&quot;&quot;,&quot;orientation&quot;:&quot;0&quot;}\" data-image-title=\"islmturc\" data-image-description=\"\" data-image-caption=\"\" data-medium-file=\"https:\/\/i0.wp.com\/bonjour-beziers.fr\/wp-content\/uploads\/2016\/08\/islmturc.png?fit=257%2C196&amp;ssl=1\" data-large-file=\"https:\/\/i0.wp.com\/bonjour-beziers.fr\/wp-content\/uploads\/2016\/08\/islmturc.png?fit=257%2C196&amp;ssl=1\" \/><\/a>\r\n\t\t\t\t\t\t\t\t\t\t\t\t\t\t\t\t\t\t\t\t\t\t\t<\/div><!-- .dslc-blog-post-thumb-inner -->\r\n\r\n\t\t\t\t\t\t\t\t\t\t\r\n\t\t\t\t\t\t\t\t\t\t\r\n\t\t\t\t\t\t\t\t\t<\/div><!-- .dslc-blog-post-thumb -->\r\n\r\n\t\t\t\t\t\t\t\t\r\n\t\t\t\t\t\t\t\r\n\t\t\t\t\t\t\t\r\n\t\t\t\t\t\t<\/div><!-- .dslc-blog-post -->\r\n\r\n\t\t\t\t\t\t\r\n\t\t\t\t\t\t\r\n\t<div class=\"dslc-post dslc-blog-post dslc-col dslc--col  dslc-first-col dslc-post-format-standard\" data-cats=\"actnat \">\r\n\r\n\t\r\n\t\t\t\t\t\t\t\t\r\n\t\t\t\t\t\t\t\t\t<div class=\"dslc-blog-post-thumb dslc-post-thumb dslc-on-hover-anim\">\r\n\r\n\t\t\t\t\t\t\t\t\t\t\r\n\t\t\t\t\t\t\t\t\t\t\t<div class=\"dslc-blog-post-thumb-inner dslca-post-thumb\">\r\n\t\t\t\t\t\t\t\t\t\t\t\t\r\n\t\t\t\t\t\t\t\t\t\t\t\t\t\t\t\t\t\t\t\t\t\t\t\t\t<a href=\"https:\/\/bonjour-beziers.fr\/?p=1150\" class=\"\"><img loading=\"lazy\" decoding=\"async\" width=\"110\" height=\"110\" src=\"https:\/\/i0.wp.com\/bonjour-beziers.fr\/wp-content\/uploads\/2017\/02\/12243577_1621800838084297_8739319906562777481_n.jpg?fit=110%2C110&amp;ssl=1\" class=\"attachment-full size-full wp-post-image\" alt=\"\" title=\"12243577_1621800838084297_8739319906562777481_n\" data-attachment-id=\"1152\" data-permalink=\"https:\/\/bonjour-beziers.fr\/?attachment_id=1152\" data-orig-file=\"https:\/\/i0.wp.com\/bonjour-beziers.fr\/wp-content\/uploads\/2017\/02\/12243577_1621800838084297_8739319906562777481_n.jpg?fit=110%2C110&amp;ssl=1\" data-orig-size=\"110,110\" data-comments-opened=\"0\" data-image-meta=\"{&quot;aperture&quot;:&quot;0&quot;,&quot;credit&quot;:&quot;&quot;,&quot;camera&quot;:&quot;&quot;,&quot;caption&quot;:&quot;&quot;,&quot;created_timestamp&quot;:&quot;0&quot;,&quot;copyright&quot;:&quot;&quot;,&quot;focal_length&quot;:&quot;0&quot;,&quot;iso&quot;:&quot;0&quot;,&quot;shutter_speed&quot;:&quot;0&quot;,&quot;title&quot;:&quot;&quot;,&quot;orientation&quot;:&quot;0&quot;}\" data-image-title=\"12243577_1621800838084297_8739319906562777481_n\" data-image-description=\"\" data-image-caption=\"\" data-medium-file=\"https:\/\/i0.wp.com\/bonjour-beziers.fr\/wp-content\/uploads\/2017\/02\/12243577_1621800838084297_8739319906562777481_n.jpg?fit=110%2C110&amp;ssl=1\" data-large-file=\"https:\/\/i0.wp.com\/bonjour-beziers.fr\/wp-content\/uploads\/2017\/02\/12243577_1621800838084297_8739319906562777481_n.jpg?fit=110%2C110&amp;ssl=1\" \/><\/a>\r\n\t\t\t\t\t\t\t\t\t\t\t\t\t\t\t\t\t\t\t\t\t\t\t<\/div><!-- .dslc-blog-post-thumb-inner -->\r\n\r\n\t\t\t\t\t\t\t\t\t\t\r\n\t\t\t\t\t\t\t\t\t\t\r\n\t\t\t\t\t\t\t\t\t<\/div><!-- .dslc-blog-post-thumb -->\r\n\r\n\t\t\t\t\t\t\t\t\r\n\t\t\t\t\t\t\t\r\n\t\t\t\t\t\t\t\r\n\t\t\t\t\t\t<\/div><!-- .dslc-blog-post -->\r\n\r\n\t\t\t\t\t\t\r\n\t\t\t\t\t\t\r\n\t<div class=\"dslc-post dslc-blog-post dslc-col dslc--col  dslc-first-col dslc-post-format-standard\" data-cats=\"eco \">\r\n\r\n\t\r\n\t\t\t\t\t\t\t\t\r\n\t\t\t\t\t\t\t\t\t<div class=\"dslc-blog-post-thumb dslc-post-thumb dslc-on-hover-anim\">\r\n\r\n\t\t\t\t\t\t\t\t\t\t\r\n\t\t\t\t\t\t\t\t\t\t\t<div class=\"dslc-blog-post-thumb-inner dslca-post-thumb\">\r\n\t\t\t\t\t\t\t\t\t\t\t\t\r\n\t\t\t\t\t\t\t\t\t\t\t\t\t\t\t\t\t\t\t\t\t\t\t\t\t<a href=\"https:\/\/bonjour-beziers.fr\/?p=1141\" class=\"\"><img loading=\"lazy\" decoding=\"async\" width=\"285\" height=\"177\" src=\"https:\/\/i0.wp.com\/bonjour-beziers.fr\/wp-content\/uploads\/2017\/02\/souvmonay-1022017.jpeg?fit=285%2C177&amp;ssl=1\" class=\"attachment-full size-full wp-post-image\" alt=\"\" title=\"souvmonay-1022017\" data-attachment-id=\"1142\" data-permalink=\"https:\/\/bonjour-beziers.fr\/?attachment_id=1142\" data-orig-file=\"https:\/\/i0.wp.com\/bonjour-beziers.fr\/wp-content\/uploads\/2017\/02\/souvmonay-1022017.jpeg?fit=285%2C177&amp;ssl=1\" data-orig-size=\"285,177\" data-comments-opened=\"0\" data-image-meta=\"{&quot;aperture&quot;:&quot;0&quot;,&quot;credit&quot;:&quot;&quot;,&quot;camera&quot;:&quot;&quot;,&quot;caption&quot;:&quot;&quot;,&quot;created_timestamp&quot;:&quot;0&quot;,&quot;copyright&quot;:&quot;&quot;,&quot;focal_length&quot;:&quot;0&quot;,&quot;iso&quot;:&quot;0&quot;,&quot;shutter_speed&quot;:&quot;0&quot;,&quot;title&quot;:&quot;&quot;,&quot;orientation&quot;:&quot;0&quot;}\" data-image-title=\"souvmonay-1022017\" data-image-description=\"\" data-image-caption=\"\" data-medium-file=\"https:\/\/i0.wp.com\/bonjour-beziers.fr\/wp-content\/uploads\/2017\/02\/souvmonay-1022017.jpeg?fit=285%2C177&amp;ssl=1\" data-large-file=\"https:\/\/i0.wp.com\/bonjour-beziers.fr\/wp-content\/uploads\/2017\/02\/souvmonay-1022017.jpeg?fit=285%2C177&amp;ssl=1\" \/><\/a>\r\n\t\t\t\t\t\t\t\t\t\t\t\t\t\t\t\t\t\t\t\t\t\t\t<\/div><!-- .dslc-blog-post-thumb-inner -->\r\n\r\n\t\t\t\t\t\t\t\t\t\t\r\n\t\t\t\t\t\t\t\t\t\t\r\n\t\t\t\t\t\t\t\t\t<\/div><!-- .dslc-blog-post-thumb -->\r\n\r\n\t\t\t\t\t\t\t\t\r\n\t\t\t\t\t\t\t\r\n\t\t\t\t\t\t\t\r\n\t\t\t\t\t\t<\/div><!-- .dslc-blog-post -->\r\n\r\n\t\t\t\t\t\t\r\n\t\t\t\t\t\t\r\n\t<div class=\"dslc-post dslc-blog-post dslc-col dslc--col  dslc-first-col dslc-post-format-standard\" data-cats=\"actnat \">\r\n\r\n\t\r\n\t\t\t\t\t\t\t\t\r\n\t\t\t\t\t\t\t\t\t<div class=\"dslc-blog-post-thumb dslc-post-thumb dslc-on-hover-anim\">\r\n\r\n\t\t\t\t\t\t\t\t\t\t\r\n\t\t\t\t\t\t\t\t\t\t\t<div class=\"dslc-blog-post-thumb-inner dslca-post-thumb\">\r\n\t\t\t\t\t\t\t\t\t\t\t\t\r\n\t\t\t\t\t\t\t\t\t\t\t\t\t\t\t\t\t\t\t\t\t\t\t\t\t<a href=\"https:\/\/bonjour-beziers.fr\/?p=1117\" class=\"\"><img loading=\"lazy\" decoding=\"async\" width=\"172\" height=\"174\" src=\"https:\/\/i0.wp.com\/bonjour-beziers.fr\/wp-content\/uploads\/2016\/05\/JudeChrist-e1470842206587.jpeg?fit=172%2C174&amp;ssl=1\" class=\"attachment-full size-full wp-post-image\" alt=\"\" title=\"JudeChrist\" data-attachment-id=\"791\" data-permalink=\"https:\/\/bonjour-beziers.fr\/?attachment_id=791\" data-orig-file=\"https:\/\/i0.wp.com\/bonjour-beziers.fr\/wp-content\/uploads\/2016\/05\/JudeChrist-e1470842206587.jpeg?fit=172%2C174&amp;ssl=1\" data-orig-size=\"172,174\" data-comments-opened=\"0\" data-image-meta=\"{&quot;aperture&quot;:&quot;0&quot;,&quot;credit&quot;:&quot;&quot;,&quot;camera&quot;:&quot;&quot;,&quot;caption&quot;:&quot;&quot;,&quot;created_timestamp&quot;:&quot;0&quot;,&quot;copyright&quot;:&quot;&quot;,&quot;focal_length&quot;:&quot;0&quot;,&quot;iso&quot;:&quot;0&quot;,&quot;shutter_speed&quot;:&quot;0&quot;,&quot;title&quot;:&quot;&quot;,&quot;orientation&quot;:&quot;0&quot;}\" data-image-title=\"JudeChrist\" data-image-description=\"\" data-image-caption=\"\" data-medium-file=\"https:\/\/i0.wp.com\/bonjour-beziers.fr\/wp-content\/uploads\/2016\/05\/JudeChrist-e1470842206587.jpeg?fit=172%2C174&amp;ssl=1\" data-large-file=\"https:\/\/i0.wp.com\/bonjour-beziers.fr\/wp-content\/uploads\/2016\/05\/JudeChrist-e1470842206587.jpeg?fit=172%2C174&amp;ssl=1\" \/><\/a>\r\n\t\t\t\t\t\t\t\t\t\t\t\t\t\t\t\t\t\t\t\t\t\t\t<\/div><!-- .dslc-blog-post-thumb-inner -->\r\n\r\n\t\t\t\t\t\t\t\t\t\t\r\n\t\t\t\t\t\t\t\t\t\t\r\n\t\t\t\t\t\t\t\t\t<\/div><!-- .dslc-blog-post-thumb -->\r\n\r\n\t\t\t\t\t\t\t\t\r\n\t\t\t\t\t\t\t\r\n\t\t\t\t\t\t\t\r\n\t\t\t\t\t\t<\/div><!-- .dslc-blog-post -->\r\n\r\n\t\t\t\t\t\t\r\n\t\t\t\t\t\t\r\n\t<div class=\"dslc-post dslc-blog-post dslc-col dslc--col  dslc-first-col dslc-post-format-standard\" data-cats=\"culture histoire \">\r\n\r\n\t\r\n\t\t\t\t\t\t\t\t\r\n\t\t\t\t\t\t\t\t\t<div class=\"dslc-blog-post-thumb dslc-post-thumb dslc-on-hover-anim\">\r\n\r\n\t\t\t\t\t\t\t\t\t\t\r\n\t\t\t\t\t\t\t\t\t\t\t<div class=\"dslc-blog-post-thumb-inner dslca-post-thumb\">\r\n\t\t\t\t\t\t\t\t\t\t\t\t\r\n\t\t\t\t\t\t\t\t\t\t\t\t\t\t\t\t\t\t\t\t\t\t\t\t\t<a href=\"https:\/\/bonjour-beziers.fr\/?p=1093\" class=\"\"><img loading=\"lazy\" decoding=\"async\" width=\"485\" height=\"292\" src=\"https:\/\/i0.wp.com\/bonjour-beziers.fr\/wp-content\/uploads\/2016\/10\/external-content-e1602091246887.jpeg?fit=485%2C292&amp;ssl=1\" class=\"attachment-full size-full wp-post-image\" alt=\"\" title=\"external-content\" srcset=\"https:\/\/i0.wp.com\/bonjour-beziers.fr\/wp-content\/uploads\/2016\/10\/external-content-e1602091246887.jpeg?w=485&amp;ssl=1 485w, https:\/\/i0.wp.com\/bonjour-beziers.fr\/wp-content\/uploads\/2016\/10\/external-content-e1602091246887.jpeg?resize=300%2C181&amp;ssl=1 300w\" sizes=\"auto, (max-width: 485px) 100vw, 485px\" data-attachment-id=\"1694\" data-permalink=\"https:\/\/bonjour-beziers.fr\/?attachment_id=1694\" data-orig-file=\"https:\/\/i0.wp.com\/bonjour-beziers.fr\/wp-content\/uploads\/2016\/10\/external-content-e1602091246887.jpeg?fit=485%2C292&amp;ssl=1\" data-orig-size=\"485,292\" data-comments-opened=\"0\" data-image-meta=\"{&quot;aperture&quot;:&quot;0&quot;,&quot;credit&quot;:&quot;&quot;,&quot;camera&quot;:&quot;&quot;,&quot;caption&quot;:&quot;&quot;,&quot;created_timestamp&quot;:&quot;0&quot;,&quot;copyright&quot;:&quot;&quot;,&quot;focal_length&quot;:&quot;0&quot;,&quot;iso&quot;:&quot;0&quot;,&quot;shutter_speed&quot;:&quot;0&quot;,&quot;title&quot;:&quot;&quot;,&quot;orientation&quot;:&quot;0&quot;}\" data-image-title=\"external-content\" data-image-description=\"\" data-image-caption=\"\" data-medium-file=\"https:\/\/i0.wp.com\/bonjour-beziers.fr\/wp-content\/uploads\/2016\/10\/external-content-e1602091246887.jpeg?fit=300%2C181&amp;ssl=1\" data-large-file=\"https:\/\/i0.wp.com\/bonjour-beziers.fr\/wp-content\/uploads\/2016\/10\/external-content-e1602091246887.jpeg?fit=485%2C292&amp;ssl=1\" \/><\/a>\r\n\t\t\t\t\t\t\t\t\t\t\t\t\t\t\t\t\t\t\t\t\t\t\t<\/div><!-- .dslc-blog-post-thumb-inner -->\r\n\r\n\t\t\t\t\t\t\t\t\t\t\r\n\t\t\t\t\t\t\t\t\t\t\r\n\t\t\t\t\t\t\t\t\t<\/div><!-- .dslc-blog-post-thumb -->\r\n\r\n\t\t\t\t\t\t\t\t\r\n\t\t\t\t\t\t\t\r\n\t\t\t\t\t\t\t\r\n\t\t\t\t\t\t<\/div><!-- .dslc-blog-post -->\r\n\r\n\t\t\t\t\t\t\r\n\t\t\t\t\t\t\r\n\t<div class=\"dslc-post dslc-blog-post dslc-col dslc--col  dslc-first-col dslc-post-format-standard\" data-cats=\"actnat \">\r\n\r\n\t\r\n\t\t\t\t\t\t\t\t\r\n\t\t\t\t\t\t\t\t\t<div class=\"dslc-blog-post-thumb dslc-post-thumb dslc-on-hover-anim\">\r\n\r\n\t\t\t\t\t\t\t\t\t\t\r\n\t\t\t\t\t\t\t\t\t\t\t<div class=\"dslc-blog-post-thumb-inner dslca-post-thumb\">\r\n\t\t\t\t\t\t\t\t\t\t\t\t\r\n\t\t\t\t\t\t\t\t\t\t\t\t\t\t\t\t\t\t\t\t\t\t\t\t\t<a href=\"https:\/\/bonjour-beziers.fr\/?p=608\" class=\"\"><img loading=\"lazy\" decoding=\"async\" width=\"365\" height=\"324\" src=\"https:\/\/i0.wp.com\/bonjour-beziers.fr\/wp-content\/uploads\/2016\/02\/janus.jpg?fit=365%2C324&amp;ssl=1\" class=\"attachment-full size-full wp-post-image\" alt=\"\" title=\"janus\" srcset=\"https:\/\/i0.wp.com\/bonjour-beziers.fr\/wp-content\/uploads\/2016\/02\/janus.jpg?w=365&amp;ssl=1 365w, https:\/\/i0.wp.com\/bonjour-beziers.fr\/wp-content\/uploads\/2016\/02\/janus.jpg?resize=300%2C266&amp;ssl=1 300w\" sizes=\"auto, (max-width: 365px) 100vw, 365px\" data-attachment-id=\"1402\" data-permalink=\"https:\/\/bonjour-beziers.fr\/?attachment_id=1402\" data-orig-file=\"https:\/\/i0.wp.com\/bonjour-beziers.fr\/wp-content\/uploads\/2016\/02\/janus.jpg?fit=365%2C324&amp;ssl=1\" data-orig-size=\"365,324\" data-comments-opened=\"0\" data-image-meta=\"{&quot;aperture&quot;:&quot;0&quot;,&quot;credit&quot;:&quot;&quot;,&quot;camera&quot;:&quot;&quot;,&quot;caption&quot;:&quot;&quot;,&quot;created_timestamp&quot;:&quot;0&quot;,&quot;copyright&quot;:&quot;&quot;,&quot;focal_length&quot;:&quot;0&quot;,&quot;iso&quot;:&quot;0&quot;,&quot;shutter_speed&quot;:&quot;0&quot;,&quot;title&quot;:&quot;&quot;,&quot;orientation&quot;:&quot;0&quot;}\" data-image-title=\"janus\" data-image-description=\"\" data-image-caption=\"\" data-medium-file=\"https:\/\/i0.wp.com\/bonjour-beziers.fr\/wp-content\/uploads\/2016\/02\/janus.jpg?fit=300%2C266&amp;ssl=1\" data-large-file=\"https:\/\/i0.wp.com\/bonjour-beziers.fr\/wp-content\/uploads\/2016\/02\/janus.jpg?fit=365%2C324&amp;ssl=1\" \/><\/a>\r\n\t\t\t\t\t\t\t\t\t\t\t\t\t\t\t\t\t\t\t\t\t\t\t<\/div><!-- .dslc-blog-post-thumb-inner -->\r\n\r\n\t\t\t\t\t\t\t\t\t\t\r\n\t\t\t\t\t\t\t\t\t\t\r\n\t\t\t\t\t\t\t\t\t<\/div><!-- .dslc-blog-post-thumb -->\r\n\r\n\t\t\t\t\t\t\t\t\r\n\t\t\t\t\t\t\t\r\n\t\t\t\t\t\t\t\r\n\t\t\t\t\t\t<\/div><!-- .dslc-blog-post -->\r\n\r\n\t\t\t\t\t\t\r\n\t\t\t\t\t\t<\/div><!-- .dslc-posts-inner -->\r\n\t\t\t\r\n\t\t\t\r\n\t<\/div><!-- .dslc-blog-posts --><\/div>\n<p><!-- .dslc-module -->\n\t\t<\/div>\n<\/div>\n<\/div>\n<div  class=\"dslc-modules-section \" style=\"\" data-section-id=\"d6a95662ec5\">\n<div class=\"dslc-modules-section-wrapper dslc-clearfix\">\n<div class=\"dslc-modules-area dslc-col dslc-12-col dslc-last-col\" data-size=\"12\" data-valign=\"\">\n<div id=\"dslc-module-477a2689e03\" class=\"dslc-module-front dslc-module-DSLC_TP_Staff_Social dslc-in-viewport-check dslc-in-viewport-anim-none  dslc-col dslc-12-col dslc-last-col  dslc-module-handle-like-regular \" data-module-id=\"477a2689e03\" data-module=\"DSLC_TP_Staff_Social\" data-dslc-module-size=\"12\" data-dslc-anim=\"none\" data-dslc-anim-delay=\"0\" data-dslc-anim-duration=\"650\"  data-dslc-anim-easing=\"ease\" data-dslc-preset=\"none\" >\n<div class=\"dslc-tp-staff-social\">\n<ul class=\"dslc-staff-social\">\n\t\t\t\t\t\t\t\t\t\t\t\t\t\t\t\t\t\t\t\t\t\t\t\t\t\t\t\t\t\t\t\t\t\t\t\t\t\t\t\t\t\t\t\t\t\t\t\t\t\t\t\t\t\t\t\t<\/ul>\n<p><!-- .dslc-staff-social -->\n\t\t\t<\/div>\n<p><!-- .dslc-tp-staff-social --><\/p><\/div>\n<p><!-- .dslc-module -->\n\t\t<\/div>\n<\/div>\n<\/div>\n<\/div>\n<\/div>\n<\/div><\/div>","protected":false},"excerpt":{"rendered":"<p>Oubli\u00e9es les envol\u00e9es patriotiques du mollah Hollande et de son vizir Emmanuel Iznogoud. A peine les \u00e9lections pass\u00e9es, les affaires reprennent. Le 14 d\u00e9cembre 2015 l\u2019Union europ\u00e9enne a ouvert un nouveau chapitre dans les n\u00e9gociations&#8230;<\/p>\n","protected":false},"author":1,"featured_media":0,"parent":0,"menu_order":0,"comment_status":"closed","ping_status":"closed","template":"","meta":{"jetpack_post_was_ever_published":false,"footnotes":""},"class_list":["post-253","page","type-page","status-publish","hentry"],"jetpack_sharing_enabled":true,"jetpack_shortlink":"https:\/\/wp.me\/Pa0lZW-45","jetpack-related-posts":[],"jetpack_likes_enabled":true,"_links":{"self":[{"href":"https:\/\/bonjour-beziers.fr\/index.php?rest_route=\/wp\/v2\/pages\/253","targetHints":{"allow":["GET"]}}],"collection":[{"href":"https:\/\/bonjour-beziers.fr\/index.php?rest_route=\/wp\/v2\/pages"}],"about":[{"href":"https:\/\/bonjour-beziers.fr\/index.php?rest_route=\/wp\/v2\/types\/page"}],"author":[{"embeddable":true,"href":"https:\/\/bonjour-beziers.fr\/index.php?rest_route=\/wp\/v2\/users\/1"}],"replies":[{"embeddable":true,"href":"https:\/\/bonjour-beziers.fr\/index.php?rest_route=%2Fwp%2Fv2%2Fcomments&post=253"}],"version-history":[{"count":9,"href":"https:\/\/bonjour-beziers.fr\/index.php?rest_route=\/wp\/v2\/pages\/253\/revisions"}],"predecessor-version":[{"id":1169,"href":"https:\/\/bonjour-beziers.fr\/index.php?rest_route=\/wp\/v2\/pages\/253\/revisions\/1169"}],"wp:attachment":[{"href":"https:\/\/bonjour-beziers.fr\/index.php?rest_route=%2Fwp%2Fv2%2Fmedia&parent=253"}],"curies":[{"name":"wp","href":"https:\/\/api.w.org\/{rel}","templated":true}]}}